{"id":925,"date":"2024-12-05T16:56:54","date_gmt":"2024-12-05T13:56:54","guid":{"rendered":"https:\/\/devicert.com\/?page_id=925"},"modified":"2024-12-30T12:20:54","modified_gmt":"2024-12-30T09:20:54","slug":"accreditation","status":"publish","type":"page","link":"https:\/\/devicert.com\/index.php\/about-us\/accreditation\/","title":{"rendered":"Accreditation"},"content":{"rendered":"\n<p>You can view and download our Accreditation Certificate.<\/p>\n\n\n\n<p><\/p>\n\n\n\n<blockquote class=\"wp-block-quote is-layout-flow wp-block-quote-is-layout-flow\">\n<div data-wp-interactive=\"core\/file\" class=\"wp-block-file\"><object data-wp-bind--hidden=\"!state.hasPdfPreview\" hidden class=\"wp-block-file__embed\" data=\"https:\/\/devicert.com\/wp-content\/uploads\/2024\/12\/devicert-nac-accreditation.pdf\" type=\"application\/pdf\" style=\"width:100%;height:600px\" aria-label=\"devicert-nac-accreditation g\u00f6m\u00fcs\u00fc.\"><\/object><a id=\"wp-block-file--media-942d245b-91cc-46ce-9879-f99e046ef88d\" href=\"https:\/\/devicert.com\/wp-content\/uploads\/2024\/12\/devicert-nac-accreditation.pdf\">devicert-nac-accreditation<\/a><a href=\"https:\/\/devicert.com\/wp-content\/uploads\/2024\/12\/devicert-nac-accreditation.pdf\" class=\"wp-block-file__button wp-element-button\" download aria-describedby=\"wp-block-file--media-942d245b-91cc-46ce-9879-f99e046ef88d\">\u0130ndir<\/a><\/div>\n<\/blockquote>\n","protected":false},"excerpt":{"rendered":"<p>You can view and download our Accreditation Certificate.<\/p>\n","protected":false},"author":1,"featured_media":0,"parent":308,"menu_order":0,"comment_status":"closed","ping_status":"closed","template":"","meta":{"footnotes":""},"class_list":["post-925","page","type-page","status-publish","hentry"],"_links":{"self":[{"href":"https:\/\/devicert.com\/index.php\/wp-json\/wp\/v2\/pages\/925","targetHints":{"allow":["GET"]}}],"collection":[{"href":"https:\/\/devicert.com\/index.php\/wp-json\/wp\/v2\/pages"}],"about":[{"href":"https:\/\/devicert.com\/index.php\/wp-json\/wp\/v2\/types\/page"}],"author":[{"embeddable":true,"href":"https:\/\/devicert.com\/index.php\/wp-json\/wp\/v2\/users\/1"}],"replies":[{"embeddable":true,"href":"https:\/\/devicert.com\/index.php\/wp-json\/wp\/v2\/comments?post=925"}],"version-history":[{"count":3,"href":"https:\/\/devicert.com\/index.php\/wp-json\/wp\/v2\/pages\/925\/revisions"}],"predecessor-version":[{"id":1015,"href":"https:\/\/devicert.com\/index.php\/wp-json\/wp\/v2\/pages\/925\/revisions\/1015"}],"up":[{"embeddable":true,"href":"https:\/\/devicert.com\/index.php\/wp-json\/wp\/v2\/pages\/308"}],"wp:attachment":[{"href":"https:\/\/devicert.com\/index.php\/wp-json\/wp\/v2\/media?parent=925"}],"curies":[{"name":"wp","href":"https:\/\/api.w.org\/{rel}","templated":true}]}}